{"id":163,"date":"2017-11-10T13:19:37","date_gmt":"2017-11-10T16:19:37","guid":{"rendered":"http:\/\/mutualbtf.com.ar\/blog\/?page_id=163"},"modified":"2020-12-27T21:29:17","modified_gmt":"2020-12-28T00:29:17","slug":"ushuaia-dpto-de-la-costa","status":"publish","type":"page","link":"https:\/\/mutualbtf.com.ar\/blog\/departamentos\/ushuaia-dpto-de-la-costa\/","title":{"rendered":"Ushuaia &#8211; Dpto De la Costa"},"content":{"rendered":"<h6><span style=\"color: #ff0000;\">DIRECCI\u00d3N:\u00a0<\/span>2 de Junio 1152 Piso:2 Dpto: D<\/h6>\n<p>**El horario de Check-IN para las caba\u00f1as y departamentos es a partir de las 16:00 hs.<br \/>\n**El horario de Check-OUT para las caba\u00f1as y departamentos es hasta las 10:00 hs l\u00edmite. Consultar en base a disponibilidad para extender la salida.<br \/>\n**Las reservas deben ser canceladas con 5 d\u00edas de anticipaci\u00f3n sino se cobra igual.<\/p>\n<p>Capacidad para 4 personas. Dispone de una cama matrimonial y un sill\u00f3n que se puede armar como cama doble o dos simples.<\/p>\n<p>Incluye vajilla, s\u00e1banas, acolchados y limpieza.<\/p>\n<pre>Mail de reservas: <a href=\"mailto:reservas@mutualbtf.org\">reservas@mutualbtf.org<\/a><\/pre>\n<p><code><iframe loading=\"lazy\" style=\"border-width: 0;\" src=\"https:\/\/calendar.google.com\/calendar\/b\/3\/embed?height=600&amp;wkst=1&amp;bgcolor=%23FFFFFF&amp;src=288c902v9fm2nuvk8nkghjqu6c%40group.calendar.google.com&amp;color=%2323164E&amp;ctz=America%2FArgentina%2FBuenos_Aires\" width=\"800\" height=\"600\" frameborder=\"0\" scrolling=\"no\"><\/iframe><\/code><\/p>\n","protected":false},"excerpt":{"rendered":"<p>DIRECCI\u00d3N:\u00a02 de Junio 1152 Piso:2 Dpto: D **El horario de Check-IN para las caba\u00f1as y departamentos es a partir de las 16:00 hs. **El horario de Check-OUT para las caba\u00f1as y departamentos es hasta las 10:00 hs l\u00edmite. Consultar en base a disponibilidad para extender la salida. **Las reservas deben ser canceladas con 5 d\u00edas &hellip; <a href=\"https:\/\/mutualbtf.com.ar\/blog\/departamentos\/ushuaia-dpto-de-la-costa\/\" class=\"more-link\">Continue reading <span class=\"screen-reader-text\">Ushuaia &#8211; Dpto De la Costa<\/span> <span class=\"meta-nav\">&rarr;<\/span><\/a><\/p>\n","protected":false},"author":1,"featured_media":0,"parent":20,"menu_order":0,"comment_status":"closed","ping_status":"closed","template":"","meta":{"footnotes":""},"class_list":["post-163","page","type-page","status-publish","hentry"],"_links":{"self":[{"href":"https:\/\/mutualbtf.com.ar\/blog\/wp-json\/wp\/v2\/pages\/163","targetHints":{"allow":["GET"]}}],"collection":[{"href":"https:\/\/mutualbtf.com.ar\/blog\/wp-json\/wp\/v2\/pages"}],"about":[{"href":"https:\/\/mutualbtf.com.ar\/blog\/wp-json\/wp\/v2\/types\/page"}],"author":[{"embeddable":true,"href":"https:\/\/mutualbtf.com.ar\/blog\/wp-json\/wp\/v2\/users\/1"}],"replies":[{"embeddable":true,"href":"https:\/\/mutualbtf.com.ar\/blog\/wp-json\/wp\/v2\/comments?post=163"}],"version-history":[{"count":7,"href":"https:\/\/mutualbtf.com.ar\/blog\/wp-json\/wp\/v2\/pages\/163\/revisions"}],"predecessor-version":[{"id":306,"href":"https:\/\/mutualbtf.com.ar\/blog\/wp-json\/wp\/v2\/pages\/163\/revisions\/306"}],"up":[{"embeddable":true,"href":"https:\/\/mutualbtf.com.ar\/blog\/wp-json\/wp\/v2\/pages\/20"}],"wp:attachment":[{"href":"https:\/\/mutualbtf.com.ar\/blog\/wp-json\/wp\/v2\/media?parent=163"}],"curies":[{"name":"wp","href":"https:\/\/api.w.org\/{rel}","templated":true}]}}