{"id":18,"date":"2014-06-18T15:48:44","date_gmt":"2014-06-18T18:48:44","guid":{"rendered":"http:\/\/mutualbtf.com.ar\/blog\/?page_id=18"},"modified":"2019-07-01T10:32:48","modified_gmt":"2019-07-01T13:32:48","slug":"quincho-rio-grande","status":"publish","type":"page","link":"https:\/\/mutualbtf.com.ar\/blog\/quinchos\/quincho-rio-grande\/","title":{"rendered":"Quincho Rio Grande"},"content":{"rendered":"<h6><span style=\"color: #ff0000;\">DIRECCI\u00d3N<\/span>: 20 de junio 318<\/h6>\n<p>** Se proh\u00edbe la utilizaci\u00f3n de cualquier equipo de sonido y\/o luces de fiesta dentro del quincho.<br \/>\n** Los turnos de quincho son de 10am a 3am. El incumplimiento de los mismos significar\u00e1 el pago de una suma adicional en concepto de multa y se perder\u00e1 prioridad para futuras reservas.<\/p>\n<p>Capacidad 30 personas.<br \/>\nIncluye vajilla y limpieza.<\/p>\n<pre>Mail de reservas: <a href=\"mailto:reservas@mutualbtf.org\">reservas@mutualbtf.org<\/a><\/pre>\n<p><code><iframe loading=\"lazy\" style=\"border-width: 0;\" src=\"https:\/\/calendar.google.com\/calendar\/embed?src=88t5vlj56i59h7etakcii1dssk%40group.calendar.google.com&amp;color=%2323164E&amp;ctz=America%2FArgentina%2FBuenos_Aires\" width=\"800\" height=\"600\" frameborder=\"0\" scrolling=\"no\"><span data-mce-type=\"bookmark\" style=\"display: inline-block; width: 0px; overflow: hidden; line-height: 0;\" class=\"mce_SELRES_start\">\ufeff<\/span><span data-mce-type=\"bookmark\" style=\"display: inline-block; width: 0px; overflow: hidden; line-height: 0;\" class=\"mce_SELRES_start\">\ufeff<\/span><span data-mce-type=\"bookmark\" style=\"display: inline-block; width: 0px; overflow: hidden; line-height: 0;\" class=\"mce_SELRES_start\">\ufeff<\/span><span data-mce-type=\"bookmark\" style=\"display: inline-block; width: 0px; overflow: hidden; line-height: 0;\" class=\"mce_SELRES_start\">\ufeff<\/span><span data-mce-type=\"bookmark\" style=\"display: inline-block; width: 0px; overflow: hidden; line-height: 0;\" class=\"mce_SELRES_start\">\ufeff<\/span><\/iframe><\/code><\/p>\n","protected":false},"excerpt":{"rendered":"<p>DIRECCI\u00d3N: 20 de junio 318 ** Se proh\u00edbe la utilizaci\u00f3n de cualquier equipo de sonido y\/o luces de fiesta dentro del quincho. ** Los turnos de quincho son de 10am a 3am. El incumplimiento de los mismos significar\u00e1 el pago de una suma adicional en concepto de multa y se perder\u00e1 prioridad para futuras reservas. &hellip; <a href=\"https:\/\/mutualbtf.com.ar\/blog\/quinchos\/quincho-rio-grande\/\" class=\"more-link\">Continue reading <span class=\"screen-reader-text\">Quincho Rio Grande<\/span> <span class=\"meta-nav\">&rarr;<\/span><\/a><\/p>\n","protected":false},"author":1,"featured_media":0,"parent":14,"menu_order":0,"comment_status":"closed","ping_status":"open","template":"","meta":{"footnotes":""},"class_list":["post-18","page","type-page","status-publish","hentry"],"_links":{"self":[{"href":"https:\/\/mutualbtf.com.ar\/blog\/wp-json\/wp\/v2\/pages\/18","targetHints":{"allow":["GET"]}}],"collection":[{"href":"https:\/\/mutualbtf.com.ar\/blog\/wp-json\/wp\/v2\/pages"}],"about":[{"href":"https:\/\/mutualbtf.com.ar\/blog\/wp-json\/wp\/v2\/types\/page"}],"author":[{"embeddable":true,"href":"https:\/\/mutualbtf.com.ar\/blog\/wp-json\/wp\/v2\/users\/1"}],"replies":[{"embeddable":true,"href":"https:\/\/mutualbtf.com.ar\/blog\/wp-json\/wp\/v2\/comments?post=18"}],"version-history":[{"count":7,"href":"https:\/\/mutualbtf.com.ar\/blog\/wp-json\/wp\/v2\/pages\/18\/revisions"}],"predecessor-version":[{"id":303,"href":"https:\/\/mutualbtf.com.ar\/blog\/wp-json\/wp\/v2\/pages\/18\/revisions\/303"}],"up":[{"embeddable":true,"href":"https:\/\/mutualbtf.com.ar\/blog\/wp-json\/wp\/v2\/pages\/14"}],"wp:attachment":[{"href":"https:\/\/mutualbtf.com.ar\/blog\/wp-json\/wp\/v2\/media?parent=18"}],"curies":[{"name":"wp","href":"https:\/\/api.w.org\/{rel}","templated":true}]}}