{"id":24,"date":"2014-06-18T15:49:58","date_gmt":"2014-06-18T18:49:58","guid":{"rendered":"http:\/\/mutualbtf.com.ar\/blog\/?page_id=24"},"modified":"2019-07-01T10:29:36","modified_gmt":"2019-07-01T13:29:36","slug":"ushuaia-dpto-2","status":"publish","type":"page","link":"https:\/\/mutualbtf.com.ar\/blog\/departamentos\/ushuaia-dpto-2\/","title":{"rendered":"Ushuaia &#8211; Dpto 2"},"content":{"rendered":"<h6><span style=\"color: #ff0000;\">DIRECCI\u00d3N:<\/span>\u00a0Hipolito Irigoyen 2091<\/h6>\n<p>**El horario de Check-IN para las caba\u00f1as y departamentos es a partir de las 16:00 hs.<br \/>\n**El horario de Check-OUT para las caba\u00f1as y departamentos es hasta las 10:00 hs l\u00edmite. Consultar en base a disponibilidad para extender la salida.<br \/>\n**Las reservas deben ser canceladas con 5 d\u00edas de anticipaci\u00f3n sino se cobra igual.<\/p>\n<p>Capacidad para 6 personas.<br \/>\nIncluye vajilla, s\u00e1banas, acolchados y limpieza.<\/p>\n<pre>Mail de reservas: <a href=\"mailto:reservas@mutualbtf.org\">reservas@mutualbtf.org<\/a><\/pre>\n<p><code><iframe loading=\"lazy\" style=\"border-width: 0;\" src=\"https:\/\/calendar.google.com\/calendar\/embed?src=s796bev1qcf6mbfm0m2dao996c%40group.calendar.google.com&amp;color=%2323164E&amp;ctz=America%2FArgentina%2FBuenos_Aires\" width=\"800\" height=\"600\" frameborder=\"0\" scrolling=\"no\"><span data-mce-type=\"bookmark\" style=\"display: inline-block; width: 0px; overflow: hidden; line-height: 0;\" class=\"mce_SELRES_start\">\ufeff<\/span><span data-mce-type=\"bookmark\" style=\"display: inline-block; width: 0px; overflow: hidden; line-height: 0;\" class=\"mce_SELRES_start\">\ufeff<\/span><span data-mce-type=\"bookmark\" style=\"display: inline-block; width: 0px; overflow: hidden; line-height: 0;\" class=\"mce_SELRES_start\">\ufeff<\/span><span data-mce-type=\"bookmark\" style=\"display: inline-block; width: 0px; overflow: hidden; line-height: 0;\" class=\"mce_SELRES_start\">\ufeff<\/span><span data-mce-type=\"bookmark\" style=\"display: inline-block; width: 0px; overflow: hidden; line-height: 0;\" class=\"mce_SELRES_start\">\ufeff<\/span><span data-mce-type=\"bookmark\" style=\"display: inline-block; width: 0px; overflow: hidden; line-height: 0;\" class=\"mce_SELRES_start\">\ufeff<\/span><span data-mce-type=\"bookmark\" style=\"display: inline-block; width: 0px; overflow: hidden; line-height: 0;\" class=\"mce_SELRES_start\">\ufeff<\/span><\/iframe><\/code><\/p>\n","protected":false},"excerpt":{"rendered":"<p>DIRECCI\u00d3N:\u00a0Hipolito Irigoyen 2091 **El horario de Check-IN para las caba\u00f1as y departamentos es a partir de las 16:00 hs. **El horario de Check-OUT para las caba\u00f1as y departamentos es hasta las 10:00 hs l\u00edmite. Consultar en base a disponibilidad para extender la salida. **Las reservas deben ser canceladas con 5 d\u00edas de anticipaci\u00f3n sino se &hellip; <a href=\"https:\/\/mutualbtf.com.ar\/blog\/departamentos\/ushuaia-dpto-2\/\" class=\"more-link\">Continue reading <span class=\"screen-reader-text\">Ushuaia &#8211; Dpto 2<\/span> <span class=\"meta-nav\">&rarr;<\/span><\/a><\/p>\n","protected":false},"author":1,"featured_media":0,"parent":20,"menu_order":0,"comment_status":"closed","ping_status":"open","template":"","meta":{"footnotes":""},"class_list":["post-24","page","type-page","status-publish","hentry"],"_links":{"self":[{"href":"https:\/\/mutualbtf.com.ar\/blog\/wp-json\/wp\/v2\/pages\/24","targetHints":{"allow":["GET"]}}],"collection":[{"href":"https:\/\/mutualbtf.com.ar\/blog\/wp-json\/wp\/v2\/pages"}],"about":[{"href":"https:\/\/mutualbtf.com.ar\/blog\/wp-json\/wp\/v2\/types\/page"}],"author":[{"embeddable":true,"href":"https:\/\/mutualbtf.com.ar\/blog\/wp-json\/wp\/v2\/users\/1"}],"replies":[{"embeddable":true,"href":"https:\/\/mutualbtf.com.ar\/blog\/wp-json\/wp\/v2\/comments?post=24"}],"version-history":[{"count":8,"href":"https:\/\/mutualbtf.com.ar\/blog\/wp-json\/wp\/v2\/pages\/24\/revisions"}],"predecessor-version":[{"id":301,"href":"https:\/\/mutualbtf.com.ar\/blog\/wp-json\/wp\/v2\/pages\/24\/revisions\/301"}],"up":[{"embeddable":true,"href":"https:\/\/mutualbtf.com.ar\/blog\/wp-json\/wp\/v2\/pages\/20"}],"wp:attachment":[{"href":"https:\/\/mutualbtf.com.ar\/blog\/wp-json\/wp\/v2\/media?parent=24"}],"curies":[{"name":"wp","href":"https:\/\/api.w.org\/{rel}","templated":true}]}}