{"id":30,"date":"2014-06-18T15:51:59","date_gmt":"2014-06-18T18:51:59","guid":{"rendered":"http:\/\/mutualbtf.com.ar\/blog\/?page_id=30"},"modified":"2018-10-29T15:46:32","modified_gmt":"2018-10-29T18:46:32","slug":"cabana-3","status":"publish","type":"page","link":"https:\/\/mutualbtf.com.ar\/blog\/instalaciones\/cabana-3\/","title":{"rendered":"Caba\u00f1a 3"},"content":{"rendered":"<p>**El horario de Check-IN para las caba\u00f1as y departamentos es a partir de las 16:00 hs.<br \/>\n**El horario de Check-OUT para las caba\u00f1as y departamentos es hasta las 10:00 hs l\u00edmite. Consultar en base a disponibilidad para extender la salida.<br \/>\n**Las reservas deben ser canceladas con 5 d\u00edas de anticipaci\u00f3n sino se cobra igual.<\/p>\n<p>Capacidad para 6 personas<br \/>\nDos habitaciones: \u00a0Una con cama matrimonial y \u00a0otra con dos cuchetas<br \/>\nRopa de cama y abrigo<br \/>\nHeladera con congelador<br \/>\nCalorama en habitaciones \/ salamandra en living<br \/>\nVajilla para 6 personas<\/p>\n<pre>Mail de reservas: <a href=\"mailto:reservas@mutualbtf.org\">reservas@mutualbtf.org<\/a><\/pre>\n<p><code><iframe loading=\"lazy\" style=\"border-width: 0;\" src=\"https:\/\/calendar.google.com\/calendar\/embed?src=ecraivrrf1d12dmfmpan6kmco8%40group.calendar.google.com&amp;color=%2323164E&amp;ctz=America%2FArgentina%2FBuenos_Aires\" width=\"800\" height=\"600\" frameborder=\"0\" scrolling=\"no\"><span data-mce-type=\"bookmark\" style=\"display: inline-block; width: 0px; overflow: hidden; line-height: 0;\" class=\"mce_SELRES_start\">\ufeff<\/span><span data-mce-type=\"bookmark\" style=\"display: inline-block; width: 0px; overflow: hidden; line-height: 0;\" class=\"mce_SELRES_start\">\ufeff<\/span><span data-mce-type=\"bookmark\" style=\"display: inline-block; width: 0px; overflow: hidden; line-height: 0;\" class=\"mce_SELRES_start\">\ufeff<\/span><span data-mce-type=\"bookmark\" style=\"display: inline-block; width: 0px; overflow: hidden; line-height: 0;\" class=\"mce_SELRES_start\">\ufeff<\/span><span data-mce-type=\"bookmark\" style=\"display: inline-block; width: 0px; overflow: hidden; line-height: 0;\" class=\"mce_SELRES_start\">\ufeff<\/span><\/iframe><\/code><\/p>\n","protected":false},"excerpt":{"rendered":"<p>**El horario de Check-IN para las caba\u00f1as y departamentos es a partir de las 16:00 hs. **El horario de Check-OUT para las caba\u00f1as y departamentos es hasta las 10:00 hs l\u00edmite. Consultar en base a disponibilidad para extender la salida. **Las reservas deben ser canceladas con 5 d\u00edas de anticipaci\u00f3n sino se cobra igual. Capacidad &hellip; <a href=\"https:\/\/mutualbtf.com.ar\/blog\/instalaciones\/cabana-3\/\" class=\"more-link\">Continue reading <span class=\"screen-reader-text\">Caba\u00f1a 3<\/span> <span class=\"meta-nav\">&rarr;<\/span><\/a><\/p>\n","protected":false},"author":1,"featured_media":0,"parent":4,"menu_order":0,"comment_status":"closed","ping_status":"open","template":"","meta":{"footnotes":""},"class_list":["post-30","page","type-page","status-publish","hentry"],"_links":{"self":[{"href":"https:\/\/mutualbtf.com.ar\/blog\/wp-json\/wp\/v2\/pages\/30","targetHints":{"allow":["GET"]}}],"collection":[{"href":"https:\/\/mutualbtf.com.ar\/blog\/wp-json\/wp\/v2\/pages"}],"about":[{"href":"https:\/\/mutualbtf.com.ar\/blog\/wp-json\/wp\/v2\/types\/page"}],"author":[{"embeddable":true,"href":"https:\/\/mutualbtf.com.ar\/blog\/wp-json\/wp\/v2\/users\/1"}],"replies":[{"embeddable":true,"href":"https:\/\/mutualbtf.com.ar\/blog\/wp-json\/wp\/v2\/comments?post=30"}],"version-history":[{"count":7,"href":"https:\/\/mutualbtf.com.ar\/blog\/wp-json\/wp\/v2\/pages\/30\/revisions"}],"predecessor-version":[{"id":267,"href":"https:\/\/mutualbtf.com.ar\/blog\/wp-json\/wp\/v2\/pages\/30\/revisions\/267"}],"up":[{"embeddable":true,"href":"https:\/\/mutualbtf.com.ar\/blog\/wp-json\/wp\/v2\/pages\/4"}],"wp:attachment":[{"href":"https:\/\/mutualbtf.com.ar\/blog\/wp-json\/wp\/v2\/media?parent=30"}],"curies":[{"name":"wp","href":"https:\/\/api.w.org\/{rel}","templated":true}]}}